{"id":35,"date":"2020-04-26T15:53:33","date_gmt":"2020-04-26T13:53:33","guid":{"rendered":"http:\/\/sarl-fabrice-beaulaigue.fr\/?page_id=35"},"modified":"2022-05-13T18:01:56","modified_gmt":"2022-05-13T16:01:56","slug":"lentreprise-sarl-beaulaigue-fabrice","status":"publish","type":"page","link":"http:\/\/sarl-fabrice-beaulaigue.fr\/","title":{"rendered":"L\u2019entreprise SARL BEAULAIGUE FABRICE"},"content":{"rendered":"\n<p class=\"has-text-align-center has-very-dark-gray-color has-text-color\">Cr\u00e9\u00e9e en 1999, l\u2019entreprise <strong>SARL BEAULAIGUE FABRICE<\/strong> met au profit des particuliers comme des professionnels ses services dans le domaine de l\u2019\u00e9lectricit\u00e9. <\/p>\n\n\n\n<p class=\"has-text-color\" style=\"color:#ffffff\">Cccc<\/p>\n\n\n\n<p class=\"has-text-align-center has-very-dark-gray-color has-text-color\">L\u2019entreprise est bas\u00e9e sur Sainte-Sigol\u00e8ne (Haute-Loire, 43), mais Fabrice BEAULAIGUE se d\u00e9place aussi aux alentours.<\/p>\n\n\n\n<p class=\"has-text-color\" style=\"color:#ffffff\">Cccc<\/p>\n\n\n\n<p class=\"has-text-align-center has-very-dark-gray-color has-text-color\">Depuis 2013, l\u2019entreprise <strong>SARL BEAULAIGUE FABRICE<\/strong> a investi dans un b\u00e2timent afin d\u2019avoir un espace de stockage, un atelier de c\u00e2blage et des bureaux dans le but de satisfaire les besoins en \u00e9lectricit\u00e9 d\u2019un maximum de clients le plus rapidement possible.<\/p>\n\n\n\n<p class=\"has-text-color\" style=\"color:#ffffff\">       Cccc<\/p>\n\n\n\n<p class=\"has-text-align-center has-very-dark-gray-color has-text-color\">L\u2019entreprise <strong>SARL BEAULAIGUE FABRICE<\/strong> propose ses diff\u00e9rents services aux particuliers :<\/p>\n\n\n\n<p class=\"has-very-dark-gray-color has-text-color\">&#8211; Installations \/ r\u00e9novations \u00e9lectriques : chauffage, tableau, antennes TV, prises diverses, \u00e9clairages&#8230; <\/p>\n\n\n\n<p class=\"has-text-align-left has-very-dark-gray-color has-text-color\">&#8211; Fourniture et installations de syst\u00e8mes de s\u00e9curit\u00e9 : alarmes anti-intrusion, alarmes incendies, portails ext\u00e9rieurs, interphones&#8230;  <\/p>\n\n\n\n<p class=\"has-text-color\" style=\"color:#ffffff\">Ccc<\/p>\n\n\n\n<h1 class=\"has-text-align-center has-neve-button-color-color has-text-color\"><strong>DEVIS GRATUIT SUR DEMANDE<\/strong><\/h1>\n\n\n\n<p class=\"has-text-color\" style=\"color:#ffffff\">        Ccc<\/p>\n\n\n\n<div class=\"wp-container-1 wp-block-group\"><div class=\"wp-block-group__inner-container\">\n<p class=\"has-text-align-center has-very-dark-gray-color has-text-color\">De plus, l\u2019entreprise <strong>SARL BEAULAIGUE FABRICE<\/strong> met aussi son savoir-faire au profit de tous les secteurs professionnels :<\/p>\n<\/div><\/div>\n\n\n\n<div class=\"wp-container-2 wp-block-group\"><div class=\"wp-block-group__inner-container\">\n<p class=\"has-text-align-left has-very-dark-gray-color has-text-color\">&#8211; Installations \/ r\u00e9novations de b\u00e2timents agricoles<\/p>\n\n\n\n<p class=\"has-text-align-left has-very-dark-gray-color has-text-color\">&#8211; Cr\u00e9ation de machines industrielles<\/p>\n<\/div><\/div>\n\n\n\n<p class=\"has-text-align-left has-very-dark-gray-color has-text-color\">&#8211; D\u00e9montages \/ montages de tout type de machines industrielles pour des scieries, des usines&#8230;<\/p>\n\n\n\n<p class=\"has-text-align-left has-very-dark-gray-color has-text-color\">&#8211; Cr\u00e9ations d\u2019armoires \u00e9lectriques<\/p>\n\n\n\n<p class=\"has-text-align-left has-very-dark-gray-color has-text-color\">&#8211; Installations \/ r\u00e9novations \u00e9lectriques de bureaux professionnels<\/p>\n\n\n\n<p class=\"has-text-align-left has-very-dark-gray-color has-text-color\">&#8211; Installations \/ r\u00e9novations \u00e9lectriques d\u2019\u00e9coles, coll\u00e8ges&#8230;<\/p>\n\n\n\n<p class=\"has-text-align-left has-very-dark-gray-color has-text-color\">&#8211; R\u00e9novations \u00e9lectriques pour le compte de mairies, \u00e9glises, locaux commerciaux, supermarch\u00e9s&#8230;<\/p>\n\n\n\n<p><\/p>\n","protected":false},"excerpt":{"rendered":"<p>Cr\u00e9\u00e9e en 1999, l\u2019entreprise SARL BEAULAIGUE FABRICE met au profit des particuliers comme des professionnels ses services dans le domaine de l\u2019\u00e9lectricit\u00e9. Cccc L\u2019entreprise est bas\u00e9e sur Sainte-Sigol\u00e8ne (Haute-Loire, 43), mais Fabrice BEAULAIGUE se d\u00e9place aussi aux alentours. Cccc Depuis 2013, l\u2019entreprise SARL BEAULAIGUE FABRICE a investi dans un b\u00e2timent afin d\u2019avoir un espace de&hellip;&nbsp;<a href=\"http:\/\/sarl-fabrice-beaulaigue.fr\/\" class=\"\" rel=\"bookmark\">Lire la suite &raquo;<span class=\"screen-reader-text\">L\u2019entreprise SARL BEAULAIGUE FABRICE<\/span><\/a><\/p>\n","protected":false},"author":1,"featured_media":15,"parent":0,"menu_order":0,"comment_status":"closed","ping_status":"closed","template":"","meta":[],"yoast_head":"<!-- This site is optimized with the Yoast SEO plugin v19.13 - https:\/\/yoast.com\/wordpress\/plugins\/seo\/ -->\n<title>L\u2019entreprise SARL BEAULAIGUE FABRICE - SARL BEAULAIGUE FABRICE<\/title>\n<meta name=\"robots\" content=\"index, follow, max-snippet:-1, max-image-preview:large, max-video-preview:-1\" \/>\n<link rel=\"canonical\" href=\"https:\/\/sarl-fabrice-beaulaigue.fr\/\" \/>\n<meta property=\"og:locale\" content=\"fr_FR\" \/>\n<meta property=\"og:type\" content=\"article\" \/>\n<meta property=\"og:title\" content=\"L\u2019entreprise SARL BEAULAIGUE FABRICE - SARL BEAULAIGUE FABRICE\" \/>\n<meta property=\"og:description\" content=\"Cr\u00e9\u00e9e en 1999, l\u2019entreprise SARL BEAULAIGUE FABRICE met au profit des particuliers comme des professionnels ses services dans le domaine de l\u2019\u00e9lectricit\u00e9. Cccc L\u2019entreprise est bas\u00e9e sur Sainte-Sigol\u00e8ne (Haute-Loire, 43), mais Fabrice BEAULAIGUE se d\u00e9place aussi aux alentours. Cccc Depuis 2013, l\u2019entreprise SARL BEAULAIGUE FABRICE a investi dans un b\u00e2timent afin d\u2019avoir un espace de&hellip;&nbsp;Lire la suite &raquo;L\u2019entreprise SARL BEAULAIGUE FABRICE\" \/>\n<meta property=\"og:url\" content=\"https:\/\/sarl-fabrice-beaulaigue.fr\/\" \/>\n<meta property=\"og:site_name\" content=\"SARL BEAULAIGUE FABRICE\" \/>\n<meta property=\"article:modified_time\" content=\"2022-05-13T16:01:56+00:00\" \/>\n<meta property=\"og:image\" content=\"https:\/\/sarl-fabrice-beaulaigue.fr\/wp-content\/uploads\/2020\/04\/21D5A649-F0DD-4D44-95EA-6506C1040203.jpeg\" \/>\n\t<meta property=\"og:image:width\" content=\"1492\" \/>\n\t<meta property=\"og:image:height\" content=\"985\" \/>\n\t<meta property=\"og:image:type\" content=\"image\/jpeg\" \/>\n<meta name=\"twitter:card\" content=\"summary_large_image\" \/>\n<meta name=\"twitter:label1\" content=\"Dur\u00e9e de lecture estim\u00e9e\" \/>\n\t<meta name=\"twitter:data1\" content=\"1 minute\" \/>\n<script type=\"application\/ld+json\" class=\"yoast-schema-graph\">{\"@context\":\"https:\/\/schema.org\",\"@graph\":[{\"@type\":\"WebPage\",\"@id\":\"https:\/\/sarl-fabrice-beaulaigue.fr\/\",\"url\":\"https:\/\/sarl-fabrice-beaulaigue.fr\/\",\"name\":\"L\u2019entreprise SARL BEAULAIGUE FABRICE - SARL BEAULAIGUE FABRICE\",\"isPartOf\":{\"@id\":\"https:\/\/sarl-fabrice-beaulaigue.fr\/#website\"},\"datePublished\":\"2020-04-26T13:53:33+00:00\",\"dateModified\":\"2022-05-13T16:01:56+00:00\",\"breadcrumb\":{\"@id\":\"https:\/\/sarl-fabrice-beaulaigue.fr\/#breadcrumb\"},\"inLanguage\":\"fr-FR\",\"potentialAction\":[{\"@type\":\"ReadAction\",\"target\":[\"https:\/\/sarl-fabrice-beaulaigue.fr\/\"]}]},{\"@type\":\"BreadcrumbList\",\"@id\":\"https:\/\/sarl-fabrice-beaulaigue.fr\/#breadcrumb\",\"itemListElement\":[{\"@type\":\"ListItem\",\"position\":1,\"name\":\"Accueil\",\"item\":\"https:\/\/sarl-fabrice-beaulaigue.fr\/\"},{\"@type\":\"ListItem\",\"position\":2,\"name\":\"L\u2019entreprise SARL BEAULAIGUE FABRICE\"}]},{\"@type\":\"WebSite\",\"@id\":\"https:\/\/sarl-fabrice-beaulaigue.fr\/#website\",\"url\":\"https:\/\/sarl-fabrice-beaulaigue.fr\/\",\"name\":\"SARL BEAULAIGUE FABRICE\",\"description\":\"\u00c9LECTRICIT\u00c9 G\u00c9N\u00c9RALE ET INDUSTRIELLE\",\"publisher\":{\"@id\":\"https:\/\/sarl-fabrice-beaulaigue.fr\/#organization\"},\"potentialAction\":[{\"@type\":\"SearchAction\",\"target\":{\"@type\":\"EntryPoint\",\"urlTemplate\":\"https:\/\/sarl-fabrice-beaulaigue.fr\/?s={search_term_string}\"},\"query-input\":\"required name=search_term_string\"}],\"inLanguage\":\"fr-FR\"},{\"@type\":\"Organization\",\"@id\":\"https:\/\/sarl-fabrice-beaulaigue.fr\/#organization\",\"name\":\"SARL BEAULAIGUE FABRICE\",\"url\":\"https:\/\/sarl-fabrice-beaulaigue.fr\/\",\"logo\":{\"@type\":\"ImageObject\",\"inLanguage\":\"fr-FR\",\"@id\":\"https:\/\/sarl-fabrice-beaulaigue.fr\/#\/schema\/logo\/image\/\",\"url\":\"http:\/\/sarl-fabrice-beaulaigue.fr\/wp-content\/uploads\/2020\/04\/cropped-21D5A649-F0DD-4D44-95EA-6506C1040203-1.jpeg\",\"contentUrl\":\"http:\/\/sarl-fabrice-beaulaigue.fr\/wp-content\/uploads\/2020\/04\/cropped-21D5A649-F0DD-4D44-95EA-6506C1040203-1.jpeg\",\"width\":1492,\"height\":532,\"caption\":\"SARL BEAULAIGUE FABRICE\"},\"image\":{\"@id\":\"https:\/\/sarl-fabrice-beaulaigue.fr\/#\/schema\/logo\/image\/\"}}]}<\/script>\n<!-- \/ Yoast SEO plugin. -->","yoast_head_json":{"title":"L\u2019entreprise SARL BEAULAIGUE FABRICE - SARL BEAULAIGUE FABRICE","robots":{"index":"index","follow":"follow","max-snippet":"max-snippet:-1","max-image-preview":"max-image-preview:large","max-video-preview":"max-video-preview:-1"},"canonical":"https:\/\/sarl-fabrice-beaulaigue.fr\/","og_locale":"fr_FR","og_type":"article","og_title":"L\u2019entreprise SARL BEAULAIGUE FABRICE - SARL BEAULAIGUE FABRICE","og_description":"Cr\u00e9\u00e9e en 1999, l\u2019entreprise SARL BEAULAIGUE FABRICE met au profit des particuliers comme des professionnels ses services dans le domaine de l\u2019\u00e9lectricit\u00e9. Cccc L\u2019entreprise est bas\u00e9e sur Sainte-Sigol\u00e8ne (Haute-Loire, 43), mais Fabrice BEAULAIGUE se d\u00e9place aussi aux alentours. Cccc Depuis 2013, l\u2019entreprise SARL BEAULAIGUE FABRICE a investi dans un b\u00e2timent afin d\u2019avoir un espace de&hellip;&nbsp;Lire la suite &raquo;L\u2019entreprise SARL BEAULAIGUE FABRICE","og_url":"https:\/\/sarl-fabrice-beaulaigue.fr\/","og_site_name":"SARL BEAULAIGUE FABRICE","article_modified_time":"2022-05-13T16:01:56+00:00","og_image":[{"width":1492,"height":985,"url":"https:\/\/sarl-fabrice-beaulaigue.fr\/wp-content\/uploads\/2020\/04\/21D5A649-F0DD-4D44-95EA-6506C1040203.jpeg","type":"image\/jpeg"}],"twitter_card":"summary_large_image","twitter_misc":{"Dur\u00e9e de lecture estim\u00e9e":"1 minute"},"schema":{"@context":"https:\/\/schema.org","@graph":[{"@type":"WebPage","@id":"https:\/\/sarl-fabrice-beaulaigue.fr\/","url":"https:\/\/sarl-fabrice-beaulaigue.fr\/","name":"L\u2019entreprise SARL BEAULAIGUE FABRICE - SARL BEAULAIGUE FABRICE","isPartOf":{"@id":"https:\/\/sarl-fabrice-beaulaigue.fr\/#website"},"datePublished":"2020-04-26T13:53:33+00:00","dateModified":"2022-05-13T16:01:56+00:00","breadcrumb":{"@id":"https:\/\/sarl-fabrice-beaulaigue.fr\/#breadcrumb"},"inLanguage":"fr-FR","potentialAction":[{"@type":"ReadAction","target":["https:\/\/sarl-fabrice-beaulaigue.fr\/"]}]},{"@type":"BreadcrumbList","@id":"https:\/\/sarl-fabrice-beaulaigue.fr\/#breadcrumb","itemListElement":[{"@type":"ListItem","position":1,"name":"Accueil","item":"https:\/\/sarl-fabrice-beaulaigue.fr\/"},{"@type":"ListItem","position":2,"name":"L\u2019entreprise SARL BEAULAIGUE FABRICE"}]},{"@type":"WebSite","@id":"https:\/\/sarl-fabrice-beaulaigue.fr\/#website","url":"https:\/\/sarl-fabrice-beaulaigue.fr\/","name":"SARL BEAULAIGUE FABRICE","description":"\u00c9LECTRICIT\u00c9 G\u00c9N\u00c9RALE ET INDUSTRIELLE","publisher":{"@id":"https:\/\/sarl-fabrice-beaulaigue.fr\/#organization"},"potentialAction":[{"@type":"SearchAction","target":{"@type":"EntryPoint","urlTemplate":"https:\/\/sarl-fabrice-beaulaigue.fr\/?s={search_term_string}"},"query-input":"required name=search_term_string"}],"inLanguage":"fr-FR"},{"@type":"Organization","@id":"https:\/\/sarl-fabrice-beaulaigue.fr\/#organization","name":"SARL BEAULAIGUE FABRICE","url":"https:\/\/sarl-fabrice-beaulaigue.fr\/","logo":{"@type":"ImageObject","inLanguage":"fr-FR","@id":"https:\/\/sarl-fabrice-beaulaigue.fr\/#\/schema\/logo\/image\/","url":"http:\/\/sarl-fabrice-beaulaigue.fr\/wp-content\/uploads\/2020\/04\/cropped-21D5A649-F0DD-4D44-95EA-6506C1040203-1.jpeg","contentUrl":"http:\/\/sarl-fabrice-beaulaigue.fr\/wp-content\/uploads\/2020\/04\/cropped-21D5A649-F0DD-4D44-95EA-6506C1040203-1.jpeg","width":1492,"height":532,"caption":"SARL BEAULAIGUE FABRICE"},"image":{"@id":"https:\/\/sarl-fabrice-beaulaigue.fr\/#\/schema\/logo\/image\/"}}]}},"_links":{"self":[{"href":"http:\/\/sarl-fabrice-beaulaigue.fr\/index.php?rest_route=\/wp\/v2\/pages\/35"}],"collection":[{"href":"http:\/\/sarl-fabrice-beaulaigue.fr\/index.php?rest_route=\/wp\/v2\/pages"}],"about":[{"href":"http:\/\/sarl-fabrice-beaulaigue.fr\/index.php?rest_route=\/wp\/v2\/types\/page"}],"author":[{"embeddable":true,"href":"http:\/\/sarl-fabrice-beaulaigue.fr\/index.php?rest_route=\/wp\/v2\/users\/1"}],"replies":[{"embeddable":true,"href":"http:\/\/sarl-fabrice-beaulaigue.fr\/index.php?rest_route=%2Fwp%2Fv2%2Fcomments&post=35"}],"version-history":[{"count":19,"href":"http:\/\/sarl-fabrice-beaulaigue.fr\/index.php?rest_route=\/wp\/v2\/pages\/35\/revisions"}],"predecessor-version":[{"id":105,"href":"http:\/\/sarl-fabrice-beaulaigue.fr\/index.php?rest_route=\/wp\/v2\/pages\/35\/revisions\/105"}],"wp:featuredmedia":[{"embeddable":true,"href":"http:\/\/sarl-fabrice-beaulaigue.fr\/index.php?rest_route=\/wp\/v2\/media\/15"}],"wp:attachment":[{"href":"http:\/\/sarl-fabrice-beaulaigue.fr\/index.php?rest_route=%2Fwp%2Fv2%2Fmedia&parent=35"}],"curies":[{"name":"wp","href":"https:\/\/api.w.org\/{rel}","templated":true}]}}